{"id":14,"date":"2025-04-30T15:54:05","date_gmt":"2025-04-30T15:54:05","guid":{"rendered":"https:\/\/hybridbox.fit\/spain\/arinaga\/?page_id=14"},"modified":"2025-05-12T11:19:43","modified_gmt":"2025-05-12T11:19:43","slug":"terminos-y-condiciones","status":"publish","type":"page","link":"https:\/\/hybridbox.fit\/spain\/arinaga\/terminos-y-condiciones\/","title":{"rendered":"T\u00e9rminos y Condiciones"},"content":{"rendered":"\t\t<div data-elementor-type=\"wp-page\" data-elementor-id=\"14\" class=\"elementor elementor-14\">\n\t\t\t\t<div class=\"wd-negative-gap elementor-element elementor-element-856de0 e-flex e-con-boxed e-con e-parent\" data-id=\"856de0\" data-element_type=\"container\" data-e-type=\"container\">\n\t\t\t\t\t<div class=\"e-con-inner\">\n\t\t\t\t<div class=\"elementor-element elementor-element-3cd13591 color-scheme-inherit text-left elementor-widget elementor-widget-text-editor\" data-id=\"3cd13591\" data-element_type=\"widget\" data-e-type=\"widget\" data-widget_type=\"text-editor.default\">\n\t\t\t\t<div class=\"elementor-widget-container\">\n\t\t\t\t\t\t\t\t\t<section><h1>Terminos y Condiciones Tarifa de Socio Fundador<\/h1><ol><li><strong>Domiciliaci\u00f3n Bancaria Obligatoria<\/strong> (a partir del segundo mes y permanencia m\u00ednima de 3 meses)<\/li><\/ol><ul><li>La primera mensualidad se abona por adelantado a trav\u00e9s de la web (pago \u00fanico de preventa).<\/li><li>A partir del segundo mes, el pago debe realizarse mediante domiciliaci\u00f3n bancaria pero deber\u00e1 domiciliarlo el primer d\u00eda que acuda al box.<\/li><\/ul><ol start=\"2\"><li><strong>Ventajas de la domiciliaci\u00f3n bancaria:<\/strong><\/li><\/ol><ul><li>Mantendr\u00e1s la tarifa especial de Socio Fundador de forma vitalicia, mientras no te des de baja.<\/li><li>Recibir\u00e1s +3 sesiones adicionales en todas las tarifas.<\/li><li>Recibir\u00e1s una planificaci\u00f3n online de running adicional, totalmente gratis, durante 3 meses a partir del primer lunes posterior a la compra de la tarifa de Socio Fundador en nuestra web.<\/li><\/ul><ol start=\"3\"><li><strong> P\u00e9rdida de tarifa y beneficios de socio fundador de esta promo:<\/strong><\/li><\/ol><p>Para conservar los beneficios exclusivos de esta promoci\u00f3n, es obligatorio domiciliar los pagos a partir del segundo mes y mantenerlos de forma continua y sin interrupciones. (Esta domiciliaci\u00f3n deber\u00e1 efectuarse el primer d\u00eda que acudas al box, aunque la primera domiciliaci\u00f3n se debite a partir del segundo mes).<\/p><p>En caso de impago o baja voluntaria, se perder\u00e1 definitivamente el derecho a la tarifa especial de Socio Fundador y a todos los beneficios asociados.<\/p><p><strong>Consecuencias de no cumplir con las condiciones:<\/strong><\/p><ul><li>P\u00e9rdida del descuento permanente seg\u00fan el cup\u00f3n aplicado de (15\u20ac\/ 10\u20ac\/5\u20ac).<\/li><li>Se aplicar\u00e1 la tarifa completa vigente correspondiente a tu plan.<\/li><li>Te quedar\u00e1s sin acceso a la planificaci\u00f3n online de running<\/li><\/ul><p>Adem\u00e1s del incremento en el precio, se reducir\u00e1n las sesiones mensuales y quedar\u00e1n ajustadas de la siguiente manera:<\/p><ul><li><strong>Prime:<\/strong> 8 sesiones\/mes (en lugar de 11)<\/li><li><strong>Fit:<\/strong> 12 sesiones\/mes (en lugar de 15)<\/li><li><strong>Athlete:<\/strong> 16 sesiones\/mes (en lugar de 19)<\/li><li><strong>Elite:<\/strong> 20 sesiones\/mes (en lugar de 23)<\/li><\/ul><ol start=\"4\"><li><strong> Flexibilidad para iniciar tu suscripci\u00f3n<\/strong><\/li><\/ol><p>Podr\u00e1s activar tu tarifa de Socio Fundador cuando lo desees, una vez abierto el box.<\/p><p>Ejemplo: Si el box abre el 20 de junio y prefieres comenzar en agosto, puedes hacerlo sin perder tu tarifa especial y siempre y cuando domicilies a tu cuenta bancaria la tarifa adquirida.<\/p><ol start=\"5\"><li><strong> Cambio de tarifa a una superior<\/strong><\/li><\/ol><p>Podr\u00e1s subir de tarifa en cualquier momento conservando todos los beneficios de Socio Fundador, siempre que no te des de baja.<\/p><h2>Nota Legal \u2013 Promoci\u00f3n Socio Fundador<\/h2><p>La tarifa de Socio Fundador es una promoci\u00f3n exclusiva v\u00e1lida \u00fanicamente durante el per\u00edodo de preventa y est\u00e1 sujeta a cupos limitados y no se admiten reembolsos.<\/p><p>Para mantener el acceso a esta tarifa especial, el usuario deber\u00e1 cumplir con los siguientes requisitos:<\/p><ul><li>Realizar el pago inicial a trav\u00e9s de la web en el periodo establecido.<\/li><li>Domiciliar la tarifa nada m\u00e1s acudir a tu primera sesi\u00f3n de entrenamiento.<\/li><li>Mantener los pagos de forma continua y sin interrupciones por al menos 3 meses.<\/li><\/ul><p>El incumplimiento de cualquiera de estas condiciones, incluyendo impagos o la baja voluntaria, implicar\u00e1 la p\u00e9rdida definitiva de la tarifa de Socio Fundador y de todos sus beneficios asociados (descuento permanente y sesiones adicionales).<\/p><p>La promoci\u00f3n es personal, intransferible y no reembolsable. HybridBox Arinaga se reserva el derecho de verificar el cumplimiento de las condiciones y de retirar la tarifa promocional ante cualquier incumplimiento.<\/p><h2><strong>\u2753<\/strong><strong> Preguntas Frecuentes \u2013 Promoci\u00f3n Socio Fundador<\/strong><\/h2><ol><li>\u00bfQu\u00e9 incluye la tarifa de Socio Fundador?<\/li><\/ol><p>Incluye un descuento permanente seg\u00fan cupon aplicado en todas las tarifas oficiales, as\u00ed como +3 sesiones mensuales adicionales respecto a la tarifa est\u00e1ndar, y una planificaci\u00f3n online de running gratuita por 3 meses desde el momento del pago.<\/p><ol start=\"2\"><li>\u00bfCu\u00e1ndo debo empezar a pagar por domiciliaci\u00f3n?<\/li><\/ol><p>La domiciliaci\u00f3n comienza a partir del segundo mes, aunque, deber\u00e1s domiciliar la tarifa nada m\u00e1s acudir a tu primera sesi\u00f3n de entrenamiento. El primer mes se abona online en el momento de la compra en preventa.<\/p><ol start=\"3\"><li>\u00bfQu\u00e9 pasa si no domicilio los pagos?<\/li><\/ol><p>Perder\u00e1s todos los beneficios asociados a la tarifa de Socio Fundador. Tu tarifa pasar\u00e1 a ser la est\u00e1ndar y las sesiones incluidas se reducir\u00e1n seg\u00fan la tabla correspondiente.<\/p><ol start=\"4\"><li>\u00bfPuedo activar mi suscripci\u00f3n m\u00e1s adelante si compro la tarifa ahora?<\/li><\/ol><p>S\u00ed. Puedes activar tu tarifa de Socio Fundador cuando desees, una vez abierto el box. Por ejemplo, si compraste en marzo y el box abre en junio, puedes empezar en julio o agosto sin perder tus beneficios.<\/p><ol start=\"5\"><li>\u00bfPuedo cambiar a una tarifa superior m\u00e1s adelante?<\/li><\/ol><p>S\u00ed. Puedes subir de tarifa en cualquier momento y conservar\u00e1s todos los beneficios de Socio Fundador, siempre que no te hayas dado de baja.<\/p><ol start=\"6\"><li>\u00bfQu\u00e9 ocurre si dejo de pagar un mes?<\/li><\/ol><p>La tarifa especial y sus beneficios se perder\u00e1n de manera definitiva. No se podr\u00e1n recuperar aunque vuelvas a inscribirte m\u00e1s adelante.<\/p><\/section>\t\t\t\t\t\t\t\t<\/div>\n\t\t\t\t<\/div>\n\t\t\t\t\t<\/div>\n\t\t\t\t<\/div>\n\t\t\t\t<\/div>\n\t\t","protected":false},"excerpt":{"rendered":"<p>Terminos y Condiciones Tarifa de Socio Fundador Domiciliaci\u00f3n Bancaria Obligatoria (a partir del segundo mes y permanencia m\u00ednima de 3<\/p>\n","protected":false},"author":1,"featured_media":0,"parent":0,"menu_order":0,"comment_status":"closed","ping_status":"closed","template":"elementor_header_footer","meta":{"footnotes":""},"class_list":["post-14","page","type-page","status-publish","hentry"],"_links":{"self":[{"href":"https:\/\/hybridbox.fit\/spain\/arinaga\/wp-json\/wp\/v2\/pages\/14","targetHints":{"allow":["GET"]}}],"collection":[{"href":"https:\/\/hybridbox.fit\/spain\/arinaga\/wp-json\/wp\/v2\/pages"}],"about":[{"href":"https:\/\/hybridbox.fit\/spain\/arinaga\/wp-json\/wp\/v2\/types\/page"}],"author":[{"embeddable":true,"href":"https:\/\/hybridbox.fit\/spain\/arinaga\/wp-json\/wp\/v2\/users\/1"}],"replies":[{"embeddable":true,"href":"https:\/\/hybridbox.fit\/spain\/arinaga\/wp-json\/wp\/v2\/comments?post=14"}],"version-history":[{"count":13,"href":"https:\/\/hybridbox.fit\/spain\/arinaga\/wp-json\/wp\/v2\/pages\/14\/revisions"}],"predecessor-version":[{"id":28116,"href":"https:\/\/hybridbox.fit\/spain\/arinaga\/wp-json\/wp\/v2\/pages\/14\/revisions\/28116"}],"wp:attachment":[{"href":"https:\/\/hybridbox.fit\/spain\/arinaga\/wp-json\/wp\/v2\/media?parent=14"}],"curies":[{"name":"wp","href":"https:\/\/api.w.org\/{rel}","templated":true}]}}