{"id":3,"date":"2025-03-27T19:21:23","date_gmt":"2025-03-27T19:21:23","guid":{"rendered":"https:\/\/hybridbox.fit\/spain\/laeliana\/?page_id=3"},"modified":"2025-03-28T18:39:05","modified_gmt":"2025-03-28T18:39:05","slug":"privacidad","status":"publish","type":"page","link":"https:\/\/hybridbox.fit\/spain\/laeliana\/privacidad\/","title":{"rendered":"Condiciones y Privacidad"},"content":{"rendered":"\t\t<div data-elementor-type=\"wp-page\" data-elementor-id=\"3\" class=\"elementor elementor-3\">\n\t\t\t\t<div class=\"wd-negative-gap elementor-element elementor-element-1ddf6b8f e-flex e-con-boxed e-con e-parent\" data-id=\"1ddf6b8f\" data-element_type=\"container\" data-e-type=\"container\">\n\t\t\t\t\t<div class=\"e-con-inner\">\n\t\t\t\t<div class=\"elementor-element elementor-element-88f2f89 elementor-widget elementor-widget-heading\" data-id=\"88f2f89\" data-element_type=\"widget\" data-e-type=\"widget\" data-widget_type=\"heading.default\">\n\t\t\t\t<div class=\"elementor-widget-container\">\n\t\t\t\t\t<h2 class=\"elementor-heading-title elementor-size-default\">Condiciones y Privacidad<\/h2>\t\t\t\t<\/div>\n\t\t\t\t<\/div>\n\t\t\t\t<div class=\"elementor-element elementor-element-2302597e color-scheme-inherit text-left elementor-widget elementor-widget-text-editor\" data-id=\"2302597e\" data-element_type=\"widget\" data-e-type=\"widget\" data-widget_type=\"text-editor.default\">\n\t\t\t\t<div class=\"elementor-widget-container\">\n\t\t\t\t\t\t\t\t\t\n<p>1. Domiciliaci\u00f3n Bancaria Obligatoria (A partir del Segundo Mes)<br \/>La primera mensualidad se abona ahora a trav\u00e9s de la web en preventa. A partir del segundo mes, el pago deber\u00e1 realizarse mediante domiciliaci\u00f3n bancaria.<\/p>\n<p>Ventajas de la domiciliaci\u00f3n bancaria: <br \/>Mantendr\u00e1s la tarifa de Socio Fundador de manera vitalicia mientras no te des de baja. <br \/>Disfrutar\u00e1s de +3 sesiones adicionales incluidas en todas las tarifas. o Si no domicilias los pagos, perder\u00e1s los beneficios de Socio Fundador ( es decir, los 15\u20ac de descuento permanentes) y las sesiones incluidas en tu tarifas se reducir\u00e1n asi:<br \/><br \/>Starter:8 sesiones\/mes en lugar de 11. <br \/>Prime: 12 sesiones\/mes en lugar de 15.<br \/>Athlete:16 sesiones\/mes en lugar de 19. <br \/>Elite: 20 sesiones\/mes en lugar de 2<\/p>\n<p><br \/>3. Flexibilidad para Iniciar el Entrenamiento o Una vez abierto el box, podr\u00e1s activar tu tarifa de Socio Fundador cuando lo desees. Por ejemplo, si el box abre el 20 de marzo y prefieres comenzar en mayo, no hay problema.<\/p>\n<p><br \/>3. Cambio de Tarifa a una Superior o Es posible cambiar a una tarifa superior en el futuro conservando los beneficios de Socio Fundador, siempre que no te des de baja en ning\u00fan momento.<\/p>\n<p><br \/>4. P\u00e9rdida de la Tarifa de Socio Fundador o Los descuentos y beneficios de esta tarifa se mantendr\u00e1n \u00fanicamente si los pagos son continuos y sin interrupciones. En caso de dejar de pagar un mes, se perder\u00e1 el derecho a la tarifa especial de Socio Fundador de forma definitiva.<\/p>\n<p><br \/>5. Presentaci\u00f3n de Documentos al Activar la Tarifa o El d\u00eda que te presentes en el box para comenzar a entrenar, deber\u00e1s presentar:<br \/>La factura generada en la preventa.<br \/>El DNI introducido en el formulario de compra. Si tienes alguna duda sobre estas condiciones, no dudes en contactarnos. \u00a1Estamos encantados de ayudarte!<\/p>\t\t\t\t\t\t\t\t<\/div>\n\t\t\t\t<\/div>\n\t\t\t\t\t<\/div>\n\t\t\t\t<\/div>\n\t\t\t\t<\/div>\n\t\t","protected":false},"excerpt":{"rendered":"<p>Who we are Suggested text: Our website address is: https:\/\/hybridbox.fit\/spain\/laeliana. Comments Suggested text: When visitors leave comments on the site<\/p>\n","protected":false},"author":1,"featured_media":0,"parent":0,"menu_order":0,"comment_status":"closed","ping_status":"closed","template":"elementor_header_footer","meta":{"footnotes":""},"class_list":["post-3","page","type-page","status-publish","hentry"],"_links":{"self":[{"href":"https:\/\/hybridbox.fit\/spain\/laeliana\/wp-json\/wp\/v2\/pages\/3","targetHints":{"allow":["GET"]}}],"collection":[{"href":"https:\/\/hybridbox.fit\/spain\/laeliana\/wp-json\/wp\/v2\/pages"}],"about":[{"href":"https:\/\/hybridbox.fit\/spain\/laeliana\/wp-json\/wp\/v2\/types\/page"}],"author":[{"embeddable":true,"href":"https:\/\/hybridbox.fit\/spain\/laeliana\/wp-json\/wp\/v2\/users\/1"}],"replies":[{"embeddable":true,"href":"https:\/\/hybridbox.fit\/spain\/laeliana\/wp-json\/wp\/v2\/comments?post=3"}],"version-history":[{"count":7,"href":"https:\/\/hybridbox.fit\/spain\/laeliana\/wp-json\/wp\/v2\/pages\/3\/revisions"}],"predecessor-version":[{"id":28127,"href":"https:\/\/hybridbox.fit\/spain\/laeliana\/wp-json\/wp\/v2\/pages\/3\/revisions\/28127"}],"wp:attachment":[{"href":"https:\/\/hybridbox.fit\/spain\/laeliana\/wp-json\/wp\/v2\/media?parent=3"}],"curies":[{"name":"wp","href":"https:\/\/api.w.org\/{rel}","templated":true}]}}